{"id":1469,"date":"2021-10-26T15:55:12","date_gmt":"2021-10-26T15:55:12","guid":{"rendered":"https:\/\/cmr-online.pl\/free-cmr-online-generator-to-pdf\/"},"modified":"2023-03-10T09:25:15","modified_gmt":"2023-03-10T09:25:15","slug":"free-cmr-online-generator-to-pdf","status":"publish","type":"page","link":"https:\/\/cmr-online.pl\/sl\/","title":{"rendered":"BREZPLA\u010cEN spletni generator CMR"},"content":{"rendered":"\n<div style=\"margin-right:-40px; margin-left:-40px;\">\n<iframe class=\"iframe-height\" src=\"https:\/\/app.supercmr.com\/free-cmr-online-generator\" width=\"100%\" scrolling=\"no\" frameborder=\"0\"><\/iframe>\n<\/div>\n\n\n\n<h2 itemprop=\"name\" style=\"text-align: center;margin-top:20px;\"><strong>Pogosta vpra\u0161anja o CMR na spletu<\/strong><\/h2>\n<br>\n<div itemscope=\"\" itemtype=\"https:\/\/schema.org\/FAQPage\">\n<div itemprop=\"mainEntity\" itemscope=\"\" itemtype=\"https:\/\/schema.org\/Question\">\n<h3 itemprop=\"name\" style=\"text-align: center;\"><strong>Ali je ta spletni generator CMR brezpla\u010den?<\/strong><\/h3>\n<div itemprop=\"acceptedAnswer\" itemscope=\"\" itemtype=\"https:\/\/schema.org\/Answer\">\n<div itemprop=\"text\">\n<p style=\"text-align: center;\">Da, CMR-online.pl je brezpla\u010den in CMR lahko ustvarite na spletu neomejenokrat.<\/p>\n<\/div>\n<\/div>\n<\/div>\n<div itemprop=\"mainEntity\" itemscope=\"\" itemtype=\"https:\/\/schema.org\/Question\">\n<h3 itemprop=\"name\" style=\"text-align: center;\"><strong>Kaj je SuperCMR in zakaj je prikazan tukaj?<\/strong><\/h3>\n<div itemprop=\"acceptedAnswer\" itemscope=\"\" itemtype=\"https:\/\/schema.org\/Answer\">\n<div itemprop=\"text\">\n<p style=\"text-align: center;\">SuperCMR je spletni generator CMR Freemium (ima BREZPLA\u010cEN na\u010drt), ki ponuja veliko SUPER uporabnih funkcij. Kot so shranjevanje podatkov o po\u0161iljatelju \/ prevozniku \/ stranki, samodejno predlaganje, skupna raba itd. \u0160e posebej, \u010de dokumente CMR generirate precej pogosto.<\/p>\n<\/div>\n<\/div>\n<\/div>\n<div itemprop=\"mainEntity\" itemscope=\"\" itemtype=\"https:\/\/schema.org\/Question\">\n<h3 itemprop=\"name\" style=\"text-align: center;\"><strong>Kako lahko ustvarim dokument CMR?<\/strong><\/h3>\n<div itemprop=\"acceptedAnswer\" itemscope=\"\" itemtype=\"https:\/\/schema.org\/Answer\">\n<div itemprop=\"text\">\n<p style=\"text-align: center;\">Izpolnite vse podatke v polja v obrazcu CMR. Dodajte svoj e-po\u0161tni naslov in pritisnite \u00bbPo\u0161lji PDF\u00ab ali \u00bbPrenesi\u00ab, da ustvarite dokument CMR in njegove 4 kopije (rde\u010da, modra, zelena, \u010drna). \u010ce pritisnete \u00bbPo\u0161lji PDF\u00ab, bo CMR tovorni list poslan na dodani naslov, na primer va\u0161o stranko ali prevoznikom.<\/p>\n<\/div>\n<\/div>\n<\/div>\n<div itemprop=\"mainEntity\" itemscope=\"\" itemtype=\"https:\/\/schema.org\/Question\">\n<h3 itemprop=\"name\" style=\"text-align: center;\"><strong>Zakaj potrebujete e-po\u0161tni naslov?<\/strong><\/h3>\n<div itemprop=\"acceptedAnswer\" itemscope=\"\" itemtype=\"https:\/\/schema.org\/Answer\">\n<div itemprop=\"text\">\n<p style=\"text-align: center;\">Potrebujemo ga iz 3 razlogov. Prvi\u010d \u2013 CMR tovorni list boste lahko poslali hitreje sebi, kolegu, stranki ali prevozniku. Drugi\u010d \u2013 morda vam bomo poslali nekaj informacij ali promocijsko kodo, da preizkusite SuperCMR. Brez skrbi, lahko se boste odjavili. \ud83d\ude42 Nenazadnje \u2013 zbiranje podatkov o uporabnosti za prihodnje izbolj\u0161ave.<\/p>\n<\/div>\n<\/div>\n<\/div>\n<div itemprop=\"mainEntity\" itemscope=\"\" itemtype=\"https:\/\/schema.org\/Question\">\n<h3 itemprop=\"name\" style=\"text-align: center;\"><strong>Ali lahko ustvarim prazen dokument CMR pdf?<\/strong><\/h3>\n<div itemprop=\"acceptedAnswer\" itemscope=\"\" itemtype=\"https:\/\/schema.org\/Answer\">\n<div itemprop=\"text\">\n<p style=\"text-align: center;\">Da, lahko ustvarite in izpraznite CMR pdf tovorni list, samo pritisnite gumb \u00bbPo\u0161lji PDF\u00ab ali \u00bbPrenesi\u00ab. Toda zakaj bi to po\u010deli, \u010de lahko enostavno izpolnite vse podatke in ustvarite CMR tovorni list tukaj? \ud83d\ude42<\/p><\/div>\n<\/div>\n<\/div>\n<div itemprop=\"mainEntity\" itemscope=\"\" itemtype=\"https:\/\/schema.org\/Question\">\n<h3 itemprop=\"name\" style=\"text-align: center;\"><strong>Ali se ta obrazec CMR pogosto uporablja?<\/strong><\/h3>\n<div itemprop=\"acceptedAnswer\" itemscope=\"\" itemtype=\"https:\/\/schema.org\/Answer\">\n<div itemprop=\"text\">\n<p style=\"text-align: center;margin-bottom:10px;\">Da, ta obrazec CMR je eden najbolj priljubljenih Cmr zapiskov. Uporablja se v ve\u010dini dr\u017eav, ki so se pridru\u017eile konvenciji CMR. Za ve\u010d informacij preberite \u010dlanke na\u0161ega bloga o CMR in konvenciji CMR tukaj \u2013 https:\/\/supercmr.com\/category\/blog\/.<\/p><\/div>\n<\/div>\n<\/div>\n<\/div>\n","protected":false},"excerpt":{"rendered":"<p>Pogosta vpra\u0161anja o CMR na spletu Ali je ta spletni generator CMR brezpla\u010den? Da, CMR-online.pl je brezpla\u010den in CMR lahko ustvarite na spletu neomejenokrat. Kaj je SuperCMR in zakaj je prikazan tukaj? SuperCMR je spletni &#8230; <a title=\"BREZPLA\u010cEN spletni generator CMR\" class=\"read-more\" href=\"https:\/\/cmr-online.pl\/sl\/\" aria-label=\"More on BREZPLA\u010cEN spletni generator CMR\">Read more<\/a><\/p>\n","protected":false},"author":3,"featured_media":0,"parent":0,"menu_order":0,"comment_status":"closed","ping_status":"closed","template":"","meta":{"_generate-full-width-content":"","footnotes":""},"class_list":["post-1469","page","type-page","status-publish"],"yoast_head":"<!-- This site is optimized with the Yoast SEO plugin v17.4 - https:\/\/yoast.com\/wordpress\/plugins\/seo\/ -->\n<title>FREE CMR Online Generator to PDF<\/title>\n<meta name=\"description\" content=\"FREE CMR Online Generator to PDF. You can create CMR blanks, Create PDF CMR waybills.\" \/>\n<meta name=\"robots\" content=\"index, follow, max-snippet:-1, max-image-preview:large, max-video-preview:-1\" \/>\n<link rel=\"canonical\" href=\"https:\/\/cmr-online.pl\/sl\/\" \/>\n<meta property=\"og:locale\" content=\"sl_SI\" \/>\n<meta property=\"og:type\" content=\"article\" \/>\n<meta property=\"og:title\" content=\"FREE CMR Online Generator to PDF\" \/>\n<meta property=\"og:description\" content=\"FREE CMR Online Generator to PDF. You can create CMR blanks, Create PDF CMR waybills.\" \/>\n<meta property=\"og:url\" content=\"https:\/\/cmr-online.pl\/sl\/\" \/>\n<meta property=\"og:site_name\" content=\"CMR-Online.pl\" \/>\n<meta property=\"article:modified_time\" content=\"2023-03-10T09:25:15+00:00\" \/>\n<meta name=\"twitter:card\" content=\"summary_large_image\" \/>\n<meta name=\"twitter:label1\" content=\"Est. reading time\" \/>\n\t<meta name=\"twitter:data1\" content=\"2 minuti\" \/>\n<script type=\"application\/ld+json\" class=\"yoast-schema-graph\">{\"@context\":\"https:\/\/schema.org\",\"@graph\":[{\"@type\":\"WebSite\",\"@id\":\"https:\/\/cmr-online.pl\/#website\",\"url\":\"https:\/\/cmr-online.pl\/\",\"name\":\"CMR-Online.pl\",\"description\":\"Darmowy generator list\\u00f3w CMR online wz\\u00f3r PDF\",\"potentialAction\":[{\"@type\":\"SearchAction\",\"target\":{\"@type\":\"EntryPoint\",\"urlTemplate\":\"https:\/\/cmr-online.pl\/?s={search_term_string}\"},\"query-input\":\"required name=search_term_string\"}],\"inLanguage\":\"sl-SI\"},{\"@type\":\"WebPage\",\"@id\":\"https:\/\/cmr-online.pl\/sl\/#webpage\",\"url\":\"https:\/\/cmr-online.pl\/sl\/\",\"name\":\"FREE CMR Online Generator to PDF\",\"isPartOf\":{\"@id\":\"https:\/\/cmr-online.pl\/#website\"},\"datePublished\":\"2021-10-26T15:55:12+00:00\",\"dateModified\":\"2023-03-10T09:25:15+00:00\",\"description\":\"FREE CMR Online Generator to PDF. You can create CMR blanks, Create PDF CMR waybills.\",\"breadcrumb\":{\"@id\":\"https:\/\/cmr-online.pl\/sl\/#breadcrumb\"},\"inLanguage\":\"sl-SI\",\"potentialAction\":[{\"@type\":\"ReadAction\",\"target\":[\"https:\/\/cmr-online.pl\/sl\/\"]}]},{\"@type\":\"BreadcrumbList\",\"@id\":\"https:\/\/cmr-online.pl\/sl\/#breadcrumb\",\"itemListElement\":[{\"@type\":\"ListItem\",\"position\":1,\"name\":\"Home\",\"item\":\"https:\/\/cmr-online.pl\/sl\/\"},{\"@type\":\"ListItem\",\"position\":2,\"name\":\"BREZPLA\\u010cEN spletni generator CMR\"}]}]}<\/script>\n<!-- \/ Yoast SEO plugin. -->","yoast_head_json":{"title":"FREE CMR Online Generator to PDF","description":"FREE CMR Online Generator to PDF. You can create CMR blanks, Create PDF CMR waybills.","robots":{"index":"index","follow":"follow","max-snippet":"max-snippet:-1","max-image-preview":"max-image-preview:large","max-video-preview":"max-video-preview:-1"},"canonical":"https:\/\/cmr-online.pl\/sl\/","og_locale":"sl_SI","og_type":"article","og_title":"FREE CMR Online Generator to PDF","og_description":"FREE CMR Online Generator to PDF. You can create CMR blanks, Create PDF CMR waybills.","og_url":"https:\/\/cmr-online.pl\/sl\/","og_site_name":"CMR-Online.pl","article_modified_time":"2023-03-10T09:25:15+00:00","twitter_card":"summary_large_image","twitter_misc":{"Est. reading time":"2 minuti"},"schema":{"@context":"https:\/\/schema.org","@graph":[{"@type":"WebSite","@id":"https:\/\/cmr-online.pl\/#website","url":"https:\/\/cmr-online.pl\/","name":"CMR-Online.pl","description":"Darmowy generator list\u00f3w CMR online wz\u00f3r PDF","potentialAction":[{"@type":"SearchAction","target":{"@type":"EntryPoint","urlTemplate":"https:\/\/cmr-online.pl\/?s={search_term_string}"},"query-input":"required name=search_term_string"}],"inLanguage":"sl-SI"},{"@type":"WebPage","@id":"https:\/\/cmr-online.pl\/sl\/#webpage","url":"https:\/\/cmr-online.pl\/sl\/","name":"FREE CMR Online Generator to PDF","isPartOf":{"@id":"https:\/\/cmr-online.pl\/#website"},"datePublished":"2021-10-26T15:55:12+00:00","dateModified":"2023-03-10T09:25:15+00:00","description":"FREE CMR Online Generator to PDF. You can create CMR blanks, Create PDF CMR waybills.","breadcrumb":{"@id":"https:\/\/cmr-online.pl\/sl\/#breadcrumb"},"inLanguage":"sl-SI","potentialAction":[{"@type":"ReadAction","target":["https:\/\/cmr-online.pl\/sl\/"]}]},{"@type":"BreadcrumbList","@id":"https:\/\/cmr-online.pl\/sl\/#breadcrumb","itemListElement":[{"@type":"ListItem","position":1,"name":"Home","item":"https:\/\/cmr-online.pl\/sl\/"},{"@type":"ListItem","position":2,"name":"BREZPLA\u010cEN spletni generator CMR"}]}]}},"_links":{"self":[{"href":"https:\/\/cmr-online.pl\/sl\/wp-json\/wp\/v2\/pages\/1469","targetHints":{"allow":["GET"]}}],"collection":[{"href":"https:\/\/cmr-online.pl\/sl\/wp-json\/wp\/v2\/pages"}],"about":[{"href":"https:\/\/cmr-online.pl\/sl\/wp-json\/wp\/v2\/types\/page"}],"author":[{"embeddable":true,"href":"https:\/\/cmr-online.pl\/sl\/wp-json\/wp\/v2\/users\/3"}],"replies":[{"embeddable":true,"href":"https:\/\/cmr-online.pl\/sl\/wp-json\/wp\/v2\/comments?post=1469"}],"version-history":[{"count":2,"href":"https:\/\/cmr-online.pl\/sl\/wp-json\/wp\/v2\/pages\/1469\/revisions"}],"predecessor-version":[{"id":1509,"href":"https:\/\/cmr-online.pl\/sl\/wp-json\/wp\/v2\/pages\/1469\/revisions\/1509"}],"wp:attachment":[{"href":"https:\/\/cmr-online.pl\/sl\/wp-json\/wp\/v2\/media?parent=1469"}],"curies":[{"name":"wp","href":"https:\/\/api.w.org\/{rel}","templated":true}]}}