{"id":1468,"date":"2021-10-26T15:55:12","date_gmt":"2021-10-26T15:55:12","guid":{"rendered":"https:\/\/cmr-online.pl\/free-cmr-online-generator-to-pdf\/"},"modified":"2023-03-10T09:24:55","modified_gmt":"2023-03-10T09:24:55","slug":"free-cmr-online-generator-to-pdf","status":"publish","type":"page","link":"https:\/\/cmr-online.pl\/ro\/","title":{"rendered":"Generator online CMR GRATUIT"},"content":{"rendered":"\n<div style=\"margin-right:-40px; margin-left:-40px;\">\n<iframe class=\"iframe-height\" src=\"https:\/\/app.supercmr.com\/free-cmr-online-generator\" width=\"100%\" scrolling=\"no\" frameborder=\"0\"><\/iframe>\n<\/div>\n\n\n\n<h2 itemprop=\"name\" style=\"text-align: center;margin-top:20px;\"><strong>CMR online F.A.Q.<\/strong><\/h2>\n<br>\n<div itemscope=\"\" itemtype=\"https:\/\/schema.org\/FAQPage\">\n<div itemprop=\"mainEntity\" itemscope=\"\" itemtype=\"https:\/\/schema.org\/Question\">\n<h3 itemprop=\"name\" style=\"text-align: center;\"><strong>Acest generator online CMR este gratuit?<\/strong><\/h3>\n<div itemprop=\"acceptedAnswer\" itemscope=\"\" itemtype=\"https:\/\/schema.org\/Answer\">\n<div itemprop=\"text\">\n<p style=\"text-align: center;\">Da, CMR-online.pl este gratuit \u0219i pute\u021bi genera CMR online de ori nelimitate.<\/p>\n<\/div>\n<\/div>\n<\/div>\n<div itemprop=\"mainEntity\" itemscope=\"\" itemtype=\"https:\/\/schema.org\/Question\">\n<h3 itemprop=\"name\" style=\"text-align: center;\"><strong>Ce este SuperCMR \u0219i de ce este afi\u0219at aici?<\/strong><\/h3>\n<div itemprop=\"acceptedAnswer\" itemscope=\"\" itemtype=\"https:\/\/schema.org\/Answer\">\n<div itemprop=\"text\">\n<p style=\"text-align: center;\">SuperCMR este un generator CMR online Freemium (Are plan GRATUIT) care ofer\u0103 o mul\u021bime de func\u021bii SUPER utile. Cum ar fi salvarea informa\u021biilor expeditorului \/ transportatorului \/ clientului, sugestie automat\u0103, partajare, etc. Mai ales dac\u0103 generezi destul de des documente CMR.<\/p>\n<\/div>\n<\/div>\n<\/div>\n<div itemprop=\"mainEntity\" itemscope=\"\" itemtype=\"https:\/\/schema.org\/Question\">\n<h3 itemprop=\"name\" style=\"text-align: center;\"><strong>Cum pot genera un document CMR?<\/strong><\/h3>\n<div itemprop=\"acceptedAnswer\" itemscope=\"\" itemtype=\"https:\/\/schema.org\/Answer\">\n<div itemprop=\"text\">\n<p style=\"text-align: center;\">Completa\u021bi toate datele \u00een c\u00e2mpurile din formularul CMR. Ad\u0103uga\u021bi e-mailul dvs. \u0219i ap\u0103sa\u021bi \u201eTrimite PDF\u201d sau \u201eDesc\u0103rcare\u201d pentru a crea documentul CMR \u0219i cele 4 copii ale acestuia (ro\u0219u, albastru, verde, negru). Dac\u0103 ap\u0103sa\u021bi \u201eTrimite PDF\u201d, scrisoarea de transport CMR va fi trimis\u0103 la adresa ad\u0103ugat\u0103, de exemplu clientul sau transportatorul dvs.<\/p>\n<\/div>\n<\/div>\n<\/div>\n<div itemprop=\"mainEntity\" itemscope=\"\" itemtype=\"https:\/\/schema.org\/Question\">\n<h3 itemprop=\"name\" style=\"text-align: center;\"><strong>De ce ai nevoie de adresa de e-mail?<\/strong><\/h3>\n<div itemprop=\"acceptedAnswer\" itemscope=\"\" itemtype=\"https:\/\/schema.org\/Answer\">\n<div itemprop=\"text\">\n<p style=\"text-align: center;\">Avem nevoie de el din 3 motive. \u00cen primul r\u00e2nd \u2013 ve\u021bi putea trimite scrisoarea de parcurs CMR mai rapid c\u0103tre dvs., coleg, client sau transportator. \u00cen al doilea r\u00e2nd, v\u0103 putem trimite c\u00e2teva informa\u021bii sau un cod promo\u021bional pentru a \u00eencerca SuperCMR. Nu v\u0103 face\u021bi griji, v\u0103 ve\u021bi putea dezabona. \ud83d\ude42 Nu \u00een ultimul r\u00e2nd \u2013 pentru a colecta date de utilizare pentru \u00eembun\u0103t\u0103\u021biri viitoare.<\/p>\n<\/div>\n<\/div>\n<\/div>\n<div itemprop=\"mainEntity\" itemscope=\"\" itemtype=\"https:\/\/schema.org\/Question\">\n<h3 itemprop=\"name\" style=\"text-align: center;\"><strong>Pot genera un document pdf CMR gol?<\/strong><\/h3>\n<div itemprop=\"acceptedAnswer\" itemscope=\"\" itemtype=\"https:\/\/schema.org\/Answer\">\n<div itemprop=\"text\">\n<p style=\"text-align: center;\">Da, pute\u021bi crea \u0219i goli scrisoarea de parcurs pdf CMR, doar ap\u0103sa\u021bi pe butonul \u201eTrimite PDF\u201d sau \u201eDesc\u0103rcare\u201d. Dar de ce s\u0103 face\u021bi asta dac\u0103 pute\u021bi completa cu u\u0219urin\u021b\u0103 toate datele \u0219i pute\u021bi crea documentul de parcurs CMR aici? \ud83d\ude42<\/p><\/div>\n<\/div>\n<\/div>\n<div itemprop=\"mainEntity\" itemscope=\"\" itemtype=\"https:\/\/schema.org\/Question\">\n<h3 itemprop=\"name\" style=\"text-align: center;\"><strong>Acest formular CMR este utilizat \u00een mod obi\u0219nuit?<\/strong><\/h3>\n<div itemprop=\"acceptedAnswer\" itemscope=\"\" itemtype=\"https:\/\/schema.org\/Answer\">\n<div itemprop=\"text\">\n<p style=\"text-align: center;margin-bottom:10px;\">Da, acest formular CMR este una dintre cele mai populare note Cmr. Folosit \u00een majoritatea \u021b\u0103rilor care au aderat la conven\u021bia CMR. Pentru mai multe informa\u021bii, citi\u021bi articolele de pe blog despre CMR \u0219i conven\u021bia CMR aici \u2013 https:\/\/supercmr.com\/category\/blog\/ .<\/p><\/div>\n<\/div>\n<\/div>\n<\/div>\n","protected":false},"excerpt":{"rendered":"<p>CMR online F.A.Q. Acest generator online CMR este gratuit? Da, CMR-online.pl este gratuit \u0219i pute\u021bi genera CMR online de ori nelimitate. Ce este SuperCMR \u0219i de ce este afi\u0219at aici? SuperCMR este un generator CMR &#8230; <a title=\"Generator online CMR GRATUIT\" class=\"read-more\" href=\"https:\/\/cmr-online.pl\/ro\/\" aria-label=\"More on Generator online CMR GRATUIT\">Read more<\/a><\/p>\n","protected":false},"author":3,"featured_media":0,"parent":0,"menu_order":0,"comment_status":"closed","ping_status":"closed","template":"","meta":{"_generate-full-width-content":"","footnotes":""},"class_list":["post-1468","page","type-page","status-publish"],"yoast_head":"<!-- This site is optimized with the Yoast SEO plugin v17.4 - https:\/\/yoast.com\/wordpress\/plugins\/seo\/ -->\n<title>FREE CMR Online Generator to PDF<\/title>\n<meta name=\"description\" content=\"FREE CMR Online Generator to PDF. You can create CMR blanks, Create PDF CMR waybills.\" \/>\n<meta name=\"robots\" content=\"index, follow, max-snippet:-1, max-image-preview:large, max-video-preview:-1\" \/>\n<link rel=\"canonical\" href=\"https:\/\/cmr-online.pl\/ro\/\" \/>\n<meta property=\"og:locale\" content=\"ro_RO\" \/>\n<meta property=\"og:type\" content=\"article\" \/>\n<meta property=\"og:title\" content=\"FREE CMR Online Generator to PDF\" \/>\n<meta property=\"og:description\" content=\"FREE CMR Online Generator to PDF. You can create CMR blanks, Create PDF CMR waybills.\" \/>\n<meta property=\"og:url\" content=\"https:\/\/cmr-online.pl\/ro\/\" \/>\n<meta property=\"og:site_name\" content=\"CMR-Online.pl\" \/>\n<meta property=\"article:modified_time\" content=\"2023-03-10T09:24:55+00:00\" \/>\n<meta name=\"twitter:card\" content=\"summary_large_image\" \/>\n<meta name=\"twitter:label1\" content=\"Timp estimat pentru citire\" \/>\n\t<meta name=\"twitter:data1\" content=\"2 minute\" \/>\n<script type=\"application\/ld+json\" class=\"yoast-schema-graph\">{\"@context\":\"https:\/\/schema.org\",\"@graph\":[{\"@type\":\"WebSite\",\"@id\":\"https:\/\/cmr-online.pl\/#website\",\"url\":\"https:\/\/cmr-online.pl\/\",\"name\":\"CMR-Online.pl\",\"description\":\"Darmowy generator list\\u00f3w CMR online wz\\u00f3r PDF\",\"potentialAction\":[{\"@type\":\"SearchAction\",\"target\":{\"@type\":\"EntryPoint\",\"urlTemplate\":\"https:\/\/cmr-online.pl\/?s={search_term_string}\"},\"query-input\":\"required name=search_term_string\"}],\"inLanguage\":\"ro-RO\"},{\"@type\":\"WebPage\",\"@id\":\"https:\/\/cmr-online.pl\/ro\/#webpage\",\"url\":\"https:\/\/cmr-online.pl\/ro\/\",\"name\":\"FREE CMR Online Generator to PDF\",\"isPartOf\":{\"@id\":\"https:\/\/cmr-online.pl\/#website\"},\"datePublished\":\"2021-10-26T15:55:12+00:00\",\"dateModified\":\"2023-03-10T09:24:55+00:00\",\"description\":\"FREE CMR Online Generator to PDF. You can create CMR blanks, Create PDF CMR waybills.\",\"breadcrumb\":{\"@id\":\"https:\/\/cmr-online.pl\/ro\/#breadcrumb\"},\"inLanguage\":\"ro-RO\",\"potentialAction\":[{\"@type\":\"ReadAction\",\"target\":[\"https:\/\/cmr-online.pl\/ro\/\"]}]},{\"@type\":\"BreadcrumbList\",\"@id\":\"https:\/\/cmr-online.pl\/ro\/#breadcrumb\",\"itemListElement\":[{\"@type\":\"ListItem\",\"position\":1,\"name\":\"Home\",\"item\":\"https:\/\/cmr-online.pl\/ro\/\"},{\"@type\":\"ListItem\",\"position\":2,\"name\":\"Generator online CMR GRATUIT\"}]}]}<\/script>\n<!-- \/ Yoast SEO plugin. -->","yoast_head_json":{"title":"FREE CMR Online Generator to PDF","description":"FREE CMR Online Generator to PDF. You can create CMR blanks, Create PDF CMR waybills.","robots":{"index":"index","follow":"follow","max-snippet":"max-snippet:-1","max-image-preview":"max-image-preview:large","max-video-preview":"max-video-preview:-1"},"canonical":"https:\/\/cmr-online.pl\/ro\/","og_locale":"ro_RO","og_type":"article","og_title":"FREE CMR Online Generator to PDF","og_description":"FREE CMR Online Generator to PDF. You can create CMR blanks, Create PDF CMR waybills.","og_url":"https:\/\/cmr-online.pl\/ro\/","og_site_name":"CMR-Online.pl","article_modified_time":"2023-03-10T09:24:55+00:00","twitter_card":"summary_large_image","twitter_misc":{"Timp estimat pentru citire":"2 minute"},"schema":{"@context":"https:\/\/schema.org","@graph":[{"@type":"WebSite","@id":"https:\/\/cmr-online.pl\/#website","url":"https:\/\/cmr-online.pl\/","name":"CMR-Online.pl","description":"Darmowy generator list\u00f3w CMR online wz\u00f3r PDF","potentialAction":[{"@type":"SearchAction","target":{"@type":"EntryPoint","urlTemplate":"https:\/\/cmr-online.pl\/?s={search_term_string}"},"query-input":"required name=search_term_string"}],"inLanguage":"ro-RO"},{"@type":"WebPage","@id":"https:\/\/cmr-online.pl\/ro\/#webpage","url":"https:\/\/cmr-online.pl\/ro\/","name":"FREE CMR Online Generator to PDF","isPartOf":{"@id":"https:\/\/cmr-online.pl\/#website"},"datePublished":"2021-10-26T15:55:12+00:00","dateModified":"2023-03-10T09:24:55+00:00","description":"FREE CMR Online Generator to PDF. You can create CMR blanks, Create PDF CMR waybills.","breadcrumb":{"@id":"https:\/\/cmr-online.pl\/ro\/#breadcrumb"},"inLanguage":"ro-RO","potentialAction":[{"@type":"ReadAction","target":["https:\/\/cmr-online.pl\/ro\/"]}]},{"@type":"BreadcrumbList","@id":"https:\/\/cmr-online.pl\/ro\/#breadcrumb","itemListElement":[{"@type":"ListItem","position":1,"name":"Home","item":"https:\/\/cmr-online.pl\/ro\/"},{"@type":"ListItem","position":2,"name":"Generator online CMR GRATUIT"}]}]}},"_links":{"self":[{"href":"https:\/\/cmr-online.pl\/ro\/wp-json\/wp\/v2\/pages\/1468","targetHints":{"allow":["GET"]}}],"collection":[{"href":"https:\/\/cmr-online.pl\/ro\/wp-json\/wp\/v2\/pages"}],"about":[{"href":"https:\/\/cmr-online.pl\/ro\/wp-json\/wp\/v2\/types\/page"}],"author":[{"embeddable":true,"href":"https:\/\/cmr-online.pl\/ro\/wp-json\/wp\/v2\/users\/3"}],"replies":[{"embeddable":true,"href":"https:\/\/cmr-online.pl\/ro\/wp-json\/wp\/v2\/comments?post=1468"}],"version-history":[{"count":2,"href":"https:\/\/cmr-online.pl\/ro\/wp-json\/wp\/v2\/pages\/1468\/revisions"}],"predecessor-version":[{"id":1508,"href":"https:\/\/cmr-online.pl\/ro\/wp-json\/wp\/v2\/pages\/1468\/revisions\/1508"}],"wp:attachment":[{"href":"https:\/\/cmr-online.pl\/ro\/wp-json\/wp\/v2\/media?parent=1468"}],"curies":[{"name":"wp","href":"https:\/\/api.w.org\/{rel}","templated":true}]}}