{"id":1431,"date":"2021-10-26T15:55:12","date_gmt":"2021-10-26T15:55:12","guid":{"rendered":"https:\/\/cmr-online.pl\/free-cmr-online-generator-to-pdf\/"},"modified":"2023-03-10T09:24:22","modified_gmt":"2023-03-10T09:24:22","slug":"free-cmr-online-generator-to-pdf","status":"publish","type":"page","link":"https:\/\/cmr-online.pl\/de\/","title":{"rendered":"Kostenloser Online-Generator f\u00fcr CMR frachtbrief"},"content":{"rendered":"\n<div style=\"margin-right:-40px; margin-left:-40px;\">\n<iframe class=\"iframe-height\" src=\"https:\/\/app.supercmr.com\/free-cmr-online-generator?lang=de\" width=\"100%\" scrolling=\"no\" frameborder=\"0\"><\/iframe>\n<\/div>\n\n\n\n<h2 itemprop=\"name\" style=\"text-align: center;margin-top:20px;\"><strong>CMR frachtbrief online F.A.Q.<\/strong><\/h2>\n<br>\n<div itemscope=\"\" itemtype=\"https:\/\/schema.org\/FAQPage\">\n<div itemprop=\"mainEntity\" itemscope=\"\" itemtype=\"https:\/\/schema.org\/Question\">\n<h3 itemprop=\"name\" style=\"text-align: center;\"><strong>Ist der Online CMR frachtbrief Generator kostenlos?<\/strong><\/h3>\n<div itemprop=\"acceptedAnswer\" itemscope=\"\" itemtype=\"https:\/\/schema.org\/Answer\">\n<div itemprop=\"text\">\n<p style=\"text-align: center;\">Ja, es ist kostenlos und Sie k\u00f6nnen damit beliebige Anahl von CMR erstellen.<\/p>\n<\/div>\n<\/div>\n<\/div>\n<div itemprop=\"mainEntity\" itemscope=\"\" itemtype=\"https:\/\/schema.org\/Question\">\n<h3 itemprop=\"name\" style=\"text-align: center;\"><strong>Was ist SuperCMR und warum wird es hier angezeigt?<\/strong><\/h3>\n<div itemprop=\"acceptedAnswer\" itemscope=\"\" itemtype=\"https:\/\/schema.org\/Answer\">\n<div itemprop=\"text\">\n<p style=\"text-align: center;\">SuperCMR ist ein Freemium (mit einen KOSTENLOSEN Plan) Online-CMR-Generator, der viele SUPER n\u00fctzliche Funktionen bietet. Es ist z.B. das Speichern von Informationen \u00fcber Versender, Spediteure und Kunden, automatische Vorschl\u00e4ge, Teilen, usw. Es w\u00e4re n\u00fctzlich f\u00fcr Sie vor allem, wenn Sie h\u00e4ufig CMR-Dokumente erstellen.<\/p>\n<\/div>\n<\/div>\n<\/div>\n<div itemprop=\"mainEntity\" itemscope=\"\" itemtype=\"https:\/\/schema.org\/Question\">\n<h3 itemprop=\"name\" style=\"text-align: center;\"><strong>Wie kann ich ein CMR-Dokument erstellen?<\/strong><\/h3>\n<div itemprop=\"acceptedAnswer\" itemscope=\"\" itemtype=\"https:\/\/schema.org\/Answer\">\n<div itemprop=\"text\">\n<p style=\"text-align: center;\">F\u00fcllen Sie alle Angaben in den Feldern des CMR-Formulars aus, geben Sie Ihre E-Mail-Adresse ein und klicken Sie auf \u201ePDF senden\u201c oder \u201eHerunterladen\u201c, um ein CMR frachtbrief in vierfacher Ausfertigung zu erstellen (rot &#8211; Absender, blau &#8211; Empf\u00e4nger, gr\u00fcn &#8211; Bef\u00f6rderer, schwarz &#8211; zus\u00e4tzliche Kopie). Wenn Sie auf \u201ePDF senden\u201c klicken, wird der CMR-Frachtbrief an die von Ihnen angegebene Adresse gesendet, z.B. an Ihren Kunden oder Spediteur.<\/p>\n<\/div>\n<\/div>\n<\/div>\n<div itemprop=\"mainEntity\" itemscope=\"\" itemtype=\"https:\/\/schema.org\/Question\">\n<h3 itemprop=\"name\" style=\"text-align: center;\"><strong>Warum brauchen wir eine E-Mail-Adresse?<\/strong><\/h3>\n<div itemprop=\"acceptedAnswer\" itemscope=\"\" itemtype=\"https:\/\/schema.org\/Answer\">\n<div itemprop=\"text\">\n<p style=\"text-align: center;\">Wir brauchen sie aus 3 Gr\u00fcnden. Erstens: Sie k\u00f6nnen den CMR Frachtbrief schneller an sich selbst, einen Kollegen, einen Kunden oder einen Spediteur senden. Zweitens &#8211; wir k\u00f6nnen Ihnen Informationen oder einen Promo-Code schicken, um die SuperCMR-App zu testen. Keine Sorge, Sie k\u00f6nnen sich wieder abmelden. \ud83d\ude42 Last but not least &#8211; um die Informationen \u00fcber N\u00fctzlichkeit f\u00fcr k\u00fcnftige Verbesserungen zu sammeln.<\/p>\n<\/div>\n<\/div>\n<\/div>\n<div itemprop=\"mainEntity\" itemscope=\"\" itemtype=\"https:\/\/schema.org\/Question\">\n<h3 itemprop=\"name\" style=\"text-align: center;\"><strong>Kann ich einen leeren CMR als PDF-Datei erstellen?<\/strong><\/h3>\n<div itemprop=\"acceptedAnswer\" itemscope=\"\" itemtype=\"https:\/\/schema.org\/Answer\">\n<div itemprop=\"text\">\n<p style=\"text-align: center;\">Ja, Sie k\u00f6nnen ein leeres CMR Frachtbrief PDF erstellen. Tragen Sie keine Angaben ein und klicken Sie auf \u201ePDF senden\u201c oder \u201eHerunterladen\u201c. Aber warum sollten Sie das tun, wenn Sie hier ganz einfach alle Angaben eintragen und einen CMR-Frachtbrief erstellen k\u00f6nnen? \ud83d\ude42 <\/p><\/div>\n<\/div>\n<\/div>\n<div itemprop=\"mainEntity\" itemscope=\"\" itemtype=\"https:\/\/schema.org\/Question\">\n<h3 itemprop=\"name\" style=\"text-align: center;\"><strong>Wird diese CMR-Vorlage akzeptiert?<\/strong><\/h3>\n<div itemprop=\"acceptedAnswer\" itemscope=\"\" itemtype=\"https:\/\/schema.org\/Answer\">\n<div itemprop=\"text\">\n<p style=\"text-align: center;margin-bottom:10px;\">Ja, dieses CMR-Formular ist eine der beliebtesten und am h\u00e4ufigsten verwendeten CMR-Vorlagen.\nhttps:\/\/supercmr.com\/pl\/category\/blog-pl\/ <\/p><\/div>\n<\/div>\n<\/div>\n<\/div>\n","protected":false},"excerpt":{"rendered":"<p>CMR frachtbrief online F.A.Q. Ist der Online CMR frachtbrief Generator kostenlos? Ja, es ist kostenlos und Sie k\u00f6nnen damit beliebige Anahl von CMR erstellen. Was ist SuperCMR und warum wird es hier angezeigt? SuperCMR ist &#8230; <a title=\"Kostenloser Online-Generator f\u00fcr CMR frachtbrief\" class=\"read-more\" href=\"https:\/\/cmr-online.pl\/de\/\" aria-label=\"Mehr bei Kostenloser Online-Generator f\u00fcr CMR frachtbrief\">Read more<\/a><\/p>\n","protected":false},"author":3,"featured_media":0,"parent":0,"menu_order":0,"comment_status":"closed","ping_status":"closed","template":"","meta":{"_generate-full-width-content":"","footnotes":""},"class_list":["post-1431","page","type-page","status-publish"],"yoast_head":"<!-- This site is optimized with the Yoast SEO plugin v17.4 - https:\/\/yoast.com\/wordpress\/plugins\/seo\/ -->\n<title>FREE CMR Online Generator to PDF<\/title>\n<meta name=\"description\" content=\"FREE CMR Online Generator to PDF. You can create CMR blanks, Create PDF CMR waybills.\" \/>\n<meta name=\"robots\" content=\"index, follow, max-snippet:-1, max-image-preview:large, max-video-preview:-1\" \/>\n<link rel=\"canonical\" href=\"https:\/\/cmr-online.pl\/de\/\" \/>\n<meta property=\"og:locale\" content=\"de_DE\" \/>\n<meta property=\"og:type\" content=\"article\" \/>\n<meta property=\"og:title\" content=\"FREE CMR Online Generator to PDF\" \/>\n<meta property=\"og:description\" content=\"FREE CMR Online Generator to PDF. You can create CMR blanks, Create PDF CMR waybills.\" \/>\n<meta property=\"og:url\" content=\"https:\/\/cmr-online.pl\/de\/\" \/>\n<meta property=\"og:site_name\" content=\"CMR-Online.pl\" \/>\n<meta property=\"article:modified_time\" content=\"2023-03-10T09:24:22+00:00\" \/>\n<meta name=\"twitter:card\" content=\"summary_large_image\" \/>\n<meta name=\"twitter:label1\" content=\"Gesch\u00e4tzte Lesezeit\" \/>\n\t<meta name=\"twitter:data1\" content=\"2\u00a0Minuten\" \/>\n<script type=\"application\/ld+json\" class=\"yoast-schema-graph\">{\"@context\":\"https:\/\/schema.org\",\"@graph\":[{\"@type\":\"WebSite\",\"@id\":\"https:\/\/cmr-online.pl\/#website\",\"url\":\"https:\/\/cmr-online.pl\/\",\"name\":\"CMR-Online.pl\",\"description\":\"Darmowy generator list\\u00f3w CMR online wz\\u00f3r PDF\",\"potentialAction\":[{\"@type\":\"SearchAction\",\"target\":{\"@type\":\"EntryPoint\",\"urlTemplate\":\"https:\/\/cmr-online.pl\/?s={search_term_string}\"},\"query-input\":\"required name=search_term_string\"}],\"inLanguage\":\"de\"},{\"@type\":\"WebPage\",\"@id\":\"https:\/\/cmr-online.pl\/de\/#webpage\",\"url\":\"https:\/\/cmr-online.pl\/de\/\",\"name\":\"FREE CMR Online Generator to PDF\",\"isPartOf\":{\"@id\":\"https:\/\/cmr-online.pl\/#website\"},\"datePublished\":\"2021-10-26T15:55:12+00:00\",\"dateModified\":\"2023-03-10T09:24:22+00:00\",\"description\":\"FREE CMR Online Generator to PDF. You can create CMR blanks, Create PDF CMR waybills.\",\"breadcrumb\":{\"@id\":\"https:\/\/cmr-online.pl\/de\/#breadcrumb\"},\"inLanguage\":\"de\",\"potentialAction\":[{\"@type\":\"ReadAction\",\"target\":[\"https:\/\/cmr-online.pl\/de\/\"]}]},{\"@type\":\"BreadcrumbList\",\"@id\":\"https:\/\/cmr-online.pl\/de\/#breadcrumb\",\"itemListElement\":[{\"@type\":\"ListItem\",\"position\":1,\"name\":\"Home\",\"item\":\"https:\/\/cmr-online.pl\/de\/\"},{\"@type\":\"ListItem\",\"position\":2,\"name\":\"Kostenloser Online-Generator f\\u00fcr CMR frachtbrief\"}]}]}<\/script>\n<!-- \/ Yoast SEO plugin. -->","yoast_head_json":{"title":"FREE CMR Online Generator to PDF","description":"FREE CMR Online Generator to PDF. You can create CMR blanks, Create PDF CMR waybills.","robots":{"index":"index","follow":"follow","max-snippet":"max-snippet:-1","max-image-preview":"max-image-preview:large","max-video-preview":"max-video-preview:-1"},"canonical":"https:\/\/cmr-online.pl\/de\/","og_locale":"de_DE","og_type":"article","og_title":"FREE CMR Online Generator to PDF","og_description":"FREE CMR Online Generator to PDF. You can create CMR blanks, Create PDF CMR waybills.","og_url":"https:\/\/cmr-online.pl\/de\/","og_site_name":"CMR-Online.pl","article_modified_time":"2023-03-10T09:24:22+00:00","twitter_card":"summary_large_image","twitter_misc":{"Gesch\u00e4tzte Lesezeit":"2\u00a0Minuten"},"schema":{"@context":"https:\/\/schema.org","@graph":[{"@type":"WebSite","@id":"https:\/\/cmr-online.pl\/#website","url":"https:\/\/cmr-online.pl\/","name":"CMR-Online.pl","description":"Darmowy generator list\u00f3w CMR online wz\u00f3r PDF","potentialAction":[{"@type":"SearchAction","target":{"@type":"EntryPoint","urlTemplate":"https:\/\/cmr-online.pl\/?s={search_term_string}"},"query-input":"required name=search_term_string"}],"inLanguage":"de"},{"@type":"WebPage","@id":"https:\/\/cmr-online.pl\/de\/#webpage","url":"https:\/\/cmr-online.pl\/de\/","name":"FREE CMR Online Generator to PDF","isPartOf":{"@id":"https:\/\/cmr-online.pl\/#website"},"datePublished":"2021-10-26T15:55:12+00:00","dateModified":"2023-03-10T09:24:22+00:00","description":"FREE CMR Online Generator to PDF. You can create CMR blanks, Create PDF CMR waybills.","breadcrumb":{"@id":"https:\/\/cmr-online.pl\/de\/#breadcrumb"},"inLanguage":"de","potentialAction":[{"@type":"ReadAction","target":["https:\/\/cmr-online.pl\/de\/"]}]},{"@type":"BreadcrumbList","@id":"https:\/\/cmr-online.pl\/de\/#breadcrumb","itemListElement":[{"@type":"ListItem","position":1,"name":"Home","item":"https:\/\/cmr-online.pl\/de\/"},{"@type":"ListItem","position":2,"name":"Kostenloser Online-Generator f\u00fcr CMR frachtbrief"}]}]}},"_links":{"self":[{"href":"https:\/\/cmr-online.pl\/de\/wp-json\/wp\/v2\/pages\/1431","targetHints":{"allow":["GET"]}}],"collection":[{"href":"https:\/\/cmr-online.pl\/de\/wp-json\/wp\/v2\/pages"}],"about":[{"href":"https:\/\/cmr-online.pl\/de\/wp-json\/wp\/v2\/types\/page"}],"author":[{"embeddable":true,"href":"https:\/\/cmr-online.pl\/de\/wp-json\/wp\/v2\/users\/3"}],"replies":[{"embeddable":true,"href":"https:\/\/cmr-online.pl\/de\/wp-json\/wp\/v2\/comments?post=1431"}],"version-history":[{"count":5,"href":"https:\/\/cmr-online.pl\/de\/wp-json\/wp\/v2\/pages\/1431\/revisions"}],"predecessor-version":[{"id":1507,"href":"https:\/\/cmr-online.pl\/de\/wp-json\/wp\/v2\/pages\/1431\/revisions\/1507"}],"wp:attachment":[{"href":"https:\/\/cmr-online.pl\/de\/wp-json\/wp\/v2\/media?parent=1431"}],"curies":[{"name":"wp","href":"https:\/\/api.w.org\/{rel}","templated":true}]}}